{"id":282067,"date":"2024-07-15T13:01:02","date_gmt":"2024-07-15T13:01:02","guid":{"rendered":"https:\/\/kidsharefoundation.org\/?page_id=282067"},"modified":"2025-08-05T09:02:54","modified_gmt":"2025-08-05T07:02:54","slug":"jahresberichte","status":"publish","type":"page","link":"https:\/\/kidsharefoundation.org\/en\/ueber-uns\/jahresberichte\/","title":{"rendered":"Annual reports"},"content":{"rendered":"<p>[et_pb_section fb_built=&#8220;1&#8243; custom_padding_last_edited=&#8220;on|tablet&#8220; _builder_version=&#8220;4.20.0&#8243; _module_preset=&#8220;default&#8220; background_color=&#8220;#f0f5f4&#8243; custom_padding=&#8220;60px||60px||true|false&#8220; custom_padding_tablet=&#8220;50px||50px||true|false&#8220; custom_padding_phone=&#8220;40px||40px||true|false&#8220; global_colors_info=&#8220;{}&#8220;][et_pb_row _builder_version=&#8220;4.25.0&#8243; _module_preset=&#8220;default&#8220; width_tablet=&#8220;&#8220; width_phone=&#8220;90%&#8220; width_last_edited=&#8220;on|phone&#8220; module_alignment=&#8220;center&#8220; custom_padding=&#8220;0px||0px||true|false&#8220; global_colors_info=&#8220;{}&#8220;][et_pb_column type=&#8220;4_4&#8243; _builder_version=&#8220;4.20.0&#8243; _module_preset=&#8220;default&#8220; global_colors_info=&#8220;{}&#8220;][et_pb_blurb title=&#8220;Jahresberichte&#8220; content_max_width=&#8220;100%&#8220; title_last_edited=&#8220;off|desktop&#8220; content_max_width_last_edited=&#8220;off|desktop&#8220; _builder_version=&#8220;4.27.3&#8243; _module_preset=&#8220;default&#8220; header_level=&#8220;h1&#8243; header_font=&#8220;Lora|700|||||||&#8220; header_text_align=&#8220;center&#8220; header_text_color=&#8220;gcid-5bfe431a-4ca6-4551-96e4-ab7af9cb25c7&#8243; header_font_size=&#8220;44px&#8220; header_line_height=&#8220;52px&#8220; body_font=&#8220;DM Sans||||||||&#8220; body_text_align=&#8220;center&#8220; body_text_color=&#8220;#515f5d&#8220; body_line_height=&#8220;26px&#8220; text_orientation=&#8220;center&#8220; max_width=&#8220;600px&#8220; module_alignment=&#8220;center&#8220; animation_style=&#8220;slide&#8220; animation_direction=&#8220;bottom&#8220; animation_duration=&#8220;1500ms&#8220; animation_intensity_slide=&#8220;5%&#8220; animation=&#8220;off&#8220; header_font_size_tablet=&#8220;38px&#8220; header_font_size_phone=&#8220;32px&#8220; header_font_size_last_edited=&#8220;on|tablet&#8220; header_line_height_tablet=&#8220;48px&#8220; header_line_height_phone=&#8220;42px&#8220; header_line_height_last_edited=&#8220;on|tablet&#8220; body_font_size_tablet=&#8220;16px&#8220; body_font_size_phone=&#8220;14px&#8220; body_font_size_last_edited=&#8220;on|tablet&#8220; global_colors_info=&#8220;{%22gcid-5bfe431a-4ca6-4551-96e4-ab7af9cb25c7%22:%91%22header_text_color%22%93}&#8220;]<\/p>\n<p style=\"text-align: justify;\">Unsere Jahresberichte geben einen transparenten Einblick in die Arbeit der Kidshare Foundation. Sie dokumentieren die Fortschritte, die wir in unseren Projekten gemacht haben, zeigen die Herausforderungen, die wir gemeinsam gemeistert haben, und pr\u00e4sentieren die positiven Ver\u00e4nderungen, die wir in den lokalen Gemeinschaften bewirken konnten. Wir laden Sie ein, unsere Berichte zu lesen, um mehr \u00fcber unsere Arbeit und die Bem\u00fchungen unserer Partnerorganisationen zu erfahren. Gemeinsam schaffen wir eine bessere Zukunft f\u00fcr Kinder und benachteiligte Gemeinschaften.<\/p>\n<p>[\/et_pb_blurb][\/et_pb_column][\/et_pb_row][\/et_pb_section][et_pb_section fb_built=&#8220;1&#8243; _builder_version=&#8220;4.26.1&#8243; _module_preset=&#8220;default&#8220; global_colors_info=&#8220;{}&#8220;][et_pb_row column_structure=&#8220;1_3,1_3,1_3&#8243; _builder_version=&#8220;4.27.4&#8243; _module_preset=&#8220;default&#8220; global_colors_info=&#8220;{}&#8220;][et_pb_column type=&#8220;1_3&#8243; _builder_version=&#8220;4.27.4&#8243; _module_preset=&#8220;default&#8220; global_colors_info=&#8220;{}&#8220;][difl_advanced_blurb button_text=&#8220;Jahresbericht 2021&#8243; button_url=&#8220;https:\/\/kidsharefoundation.org\/nl\/jaarverslag-kidshare-foundation-2021\/&#8220; button_url_new_window=&#8220;on&#8220; image=&#8220;https:\/\/kidsharefoundation.org\/wp-content\/uploads\/2021.jpg&#8220; _builder_version=&#8220;4.27.4&#8243; _module_preset=&#8220;default&#8220; hover_enabled=&#8220;0&#8243; global_colors_info=&#8220;{}&#8220; sticky_enabled=&#8220;0&#8243;][\/difl_advanced_blurb][\/et_pb_column][et_pb_column type=&#8220;1_3&#8243; _builder_version=&#8220;4.26.1&#8243; _module_preset=&#8220;default&#8220; global_colors_info=&#8220;{}&#8220;][difl_advanced_blurb button_text=&#8220;Jahresbericht 2022&#8243; button_url=&#8220;@ET-DC@eyJkeW5hbWljIjp0cnVlLCJjb250ZW50IjoicG9zdF9saW5rX3VybF9hdHRhY2htZW50Iiwic2V0dGluZ3MiOnsicG9zdF9pZCI6IjI4Mjg5MSJ9fQ==@&#8220; button_url_new_window=&#8220;on&#8220; image=&#8220;https:\/\/kidsharefoundation.org\/wp-content\/uploads\/2022.jpg&#8220; _builder_version=&#8220;4.27.4&#8243; _dynamic_attributes=&#8220;button_url&#8220; _module_preset=&#8220;default&#8220; global_colors_info=&#8220;{}&#8220;][\/difl_advanced_blurb][\/et_pb_column][et_pb_column type=&#8220;1_3&#8243; _builder_version=&#8220;4.26.1&#8243; _module_preset=&#8220;default&#8220; global_colors_info=&#8220;{}&#8220;][difl_advanced_blurb button_text=&#8220;Jahresbericht 2023&#8243; button_url=&#8220;@ET-DC@eyJkeW5hbWljIjp0cnVlLCJjb250ZW50IjoicG9zdF9saW5rX3VybF9hdHRhY2htZW50Iiwic2V0dGluZ3MiOnsicG9zdF9pZCI6IjI4Mjg5MiJ9fQ==@&#8220; button_url_new_window=&#8220;on&#8220; image=&#8220;https:\/\/kidsharefoundation.org\/wp-content\/uploads\/2023.jpg&#8220; _builder_version=&#8220;4.27.4&#8243; _dynamic_attributes=&#8220;button_url&#8220; _module_preset=&#8220;default&#8220; locked=&#8220;off&#8220; global_colors_info=&#8220;{}&#8220;][\/difl_advanced_blurb][\/et_pb_column][\/et_pb_row][et_pb_row column_structure=&#8220;1_3,1_3,1_3&#8243; _builder_version=&#8220;4.27.4&#8243; _module_preset=&#8220;default&#8220; global_colors_info=&#8220;{}&#8220;][et_pb_column type=&#8220;1_3&#8243; _builder_version=&#8220;4.27.4&#8243; _module_preset=&#8220;default&#8220; global_colors_info=&#8220;{}&#8220;][difl_advanced_blurb button_text=&#8220;Jahresbericht 2024&#8243; button_url=&#8220;https:\/\/kidsharefoundation.org\/wp-content\/uploads\/Jaarverslag-2024-incl-jaarrekening-Duits.pdf&#8220; button_url_new_window=&#8220;on&#8220; image=&#8220;https:\/\/kidsharefoundation.org\/wp-content\/uploads\/004-Mooi-nieuws-uit-Tanzania-1.jpg&#8220; _builder_version=&#8220;4.27.4&#8243; _module_preset=&#8220;default&#8220; global_colors_info=&#8220;{}&#8220;][\/difl_advanced_blurb][\/et_pb_column][et_pb_column type=&#8220;1_3&#8243; _builder_version=&#8220;4.26.1&#8243; _module_preset=&#8220;default&#8220; global_colors_info=&#8220;{}&#8220;][\/et_pb_column][et_pb_column type=&#8220;1_3&#8243; _builder_version=&#8220;4.26.1&#8243; _module_preset=&#8220;default&#8220; global_colors_info=&#8220;{}&#8220;][\/et_pb_column][\/et_pb_row][\/et_pb_section]<\/p>\n","protected":false},"excerpt":{"rendered":"<p>Unsere Jahresberichte geben einen transparenten Einblick in die Arbeit der Kidshare Foundation. Sie dokumentieren die Fortschritte, die wir in unseren Projekten gemacht haben, zeigen die Herausforderungen, die wir gemeinsam gemeistert haben, und pr\u00e4sentieren die positiven Ver\u00e4nderungen, die wir in den lokalen Gemeinschaften bewirken konnten. Wir laden Sie ein, unsere Berichte zu lesen, um mehr \u00fcber [&hellip;]<\/p>\n","protected":false},"author":6,"featured_media":0,"parent":280813,"menu_order":0,"comment_status":"closed","ping_status":"closed","template":"","meta":{"_acf_changed":false,"_et_pb_use_builder":"on","_et_pb_old_content":"","_et_gb_content_width":"","inline_featured_image":false,"footnotes":""},"difl_page_category":[],"class_list":["post-282067","page","type-page","status-publish","hentry"],"acf":[],"yoast_head":"<!-- This site is optimized with the Yoast SEO plugin v27.2 - https:\/\/yoast.com\/product\/yoast-seo-wordpress\/ -->\n<title>Jahresberichte - Kidshare<\/title>\n<meta name=\"robots\" content=\"index, follow, max-snippet:-1, max-image-preview:large, max-video-preview:-1\" \/>\n<link rel=\"canonical\" href=\"https:\/\/kidsharefoundation.org\/en\/ueber-uns\/jahresberichte\/\" \/>\n<meta property=\"og:locale\" content=\"en_GB\" \/>\n<meta property=\"og:type\" content=\"article\" \/>\n<meta property=\"og:title\" content=\"Jahresberichte - Kidshare\" \/>\n<meta property=\"og:description\" content=\"Unsere Jahresberichte geben einen transparenten Einblick in die Arbeit der Kidshare Foundation. Sie dokumentieren die Fortschritte, die wir in unseren Projekten gemacht haben, zeigen die Herausforderungen, die wir gemeinsam gemeistert haben, und pr\u00e4sentieren die positiven Ver\u00e4nderungen, die wir in den lokalen Gemeinschaften bewirken konnten. Wir laden Sie ein, unsere Berichte zu lesen, um mehr \u00fcber [&hellip;]\" \/>\n<meta property=\"og:url\" content=\"https:\/\/kidsharefoundation.org\/en\/ueber-uns\/jahresberichte\/\" \/>\n<meta property=\"og:site_name\" content=\"Kidshare\" \/>\n<meta property=\"article:modified_time\" content=\"2025-08-05T07:02:54+00:00\" \/>\n<meta name=\"twitter:card\" content=\"summary_large_image\" \/>\n<meta name=\"twitter:label1\" content=\"Estimated reading time\" \/>\n\t<meta name=\"twitter:data1\" content=\"3 minutes\" \/>\n<script type=\"application\/ld+json\" class=\"yoast-schema-graph\">{\"@context\":\"https:\/\/schema.org\",\"@graph\":[{\"@type\":\"WebPage\",\"@id\":\"https:\/\/kidsharefoundation.org\/ueber-uns\/jahresberichte\/\",\"url\":\"https:\/\/kidsharefoundation.org\/ueber-uns\/jahresberichte\/\",\"name\":\"Jahresberichte - Kidshare\",\"isPartOf\":{\"@id\":\"https:\/\/kidsharefoundation.org\/nl\/#website\"},\"datePublished\":\"2024-07-15T13:01:02+00:00\",\"dateModified\":\"2025-08-05T07:02:54+00:00\",\"breadcrumb\":{\"@id\":\"https:\/\/kidsharefoundation.org\/ueber-uns\/jahresberichte\/#breadcrumb\"},\"inLanguage\":\"en-GB\",\"potentialAction\":[{\"@type\":\"ReadAction\",\"target\":[\"https:\/\/kidsharefoundation.org\/ueber-uns\/jahresberichte\/\"]}]},{\"@type\":\"BreadcrumbList\",\"@id\":\"https:\/\/kidsharefoundation.org\/ueber-uns\/jahresberichte\/#breadcrumb\",\"itemListElement\":[{\"@type\":\"ListItem\",\"position\":1,\"name\":\"Home\",\"item\":\"https:\/\/kidsharefoundation.org\/de\/\"},{\"@type\":\"ListItem\",\"position\":2,\"name\":\"\u00dcber uns\",\"item\":\"https:\/\/kidsharefoundation.org\/ueber-uns\/\"},{\"@type\":\"ListItem\",\"position\":3,\"name\":\"Jahresberichte\"}]},{\"@type\":\"WebSite\",\"@id\":\"https:\/\/kidsharefoundation.org\/nl\/#website\",\"url\":\"https:\/\/kidsharefoundation.org\/nl\/\",\"name\":\"Samenwerken aan betere vooruitzichten voor kinderen in Afrika\",\"description\":\"\",\"publisher\":{\"@id\":\"https:\/\/kidsharefoundation.org\/nl\/#organization\"},\"potentialAction\":[{\"@type\":\"SearchAction\",\"target\":{\"@type\":\"EntryPoint\",\"urlTemplate\":\"https:\/\/kidsharefoundation.org\/nl\/?s={search_term_string}\"},\"query-input\":{\"@type\":\"PropertyValueSpecification\",\"valueRequired\":true,\"valueName\":\"search_term_string\"}}],\"inLanguage\":\"en-GB\"},{\"@type\":\"Organization\",\"@id\":\"https:\/\/kidsharefoundation.org\/nl\/#organization\",\"name\":\"Kidshare Foundation\",\"url\":\"https:\/\/kidsharefoundation.org\/nl\/\",\"logo\":{\"@type\":\"ImageObject\",\"inLanguage\":\"en-GB\",\"@id\":\"https:\/\/kidsharefoundation.org\/nl\/#\/schema\/logo\/image\/\",\"url\":\"https:\/\/kidsharefoundation.org\/wp-content\/uploads\/Kidshare_Logo.svg\",\"contentUrl\":\"https:\/\/kidsharefoundation.org\/wp-content\/uploads\/Kidshare_Logo.svg\",\"width\":\"1024\",\"height\":\"1024\",\"caption\":\"Kidshare Foundation\"},\"image\":{\"@id\":\"https:\/\/kidsharefoundation.org\/nl\/#\/schema\/logo\/image\/\"}}]}<\/script>\n<!-- \/ Yoast SEO plugin. -->","yoast_head_json":{"title":"Jahresberichte - Kidshare","robots":{"index":"index","follow":"follow","max-snippet":"max-snippet:-1","max-image-preview":"max-image-preview:large","max-video-preview":"max-video-preview:-1"},"canonical":"https:\/\/kidsharefoundation.org\/en\/ueber-uns\/jahresberichte\/","og_locale":"en_GB","og_type":"article","og_title":"Jahresberichte - Kidshare","og_description":"Unsere Jahresberichte geben einen transparenten Einblick in die Arbeit der Kidshare Foundation. Sie dokumentieren die Fortschritte, die wir in unseren Projekten gemacht haben, zeigen die Herausforderungen, die wir gemeinsam gemeistert haben, und pr\u00e4sentieren die positiven Ver\u00e4nderungen, die wir in den lokalen Gemeinschaften bewirken konnten. Wir laden Sie ein, unsere Berichte zu lesen, um mehr \u00fcber [&hellip;]","og_url":"https:\/\/kidsharefoundation.org\/en\/ueber-uns\/jahresberichte\/","og_site_name":"Kidshare","article_modified_time":"2025-08-05T07:02:54+00:00","twitter_card":"summary_large_image","twitter_misc":{"Estimated reading time":"3 minutes"},"schema":{"@context":"https:\/\/schema.org","@graph":[{"@type":"WebPage","@id":"https:\/\/kidsharefoundation.org\/ueber-uns\/jahresberichte\/","url":"https:\/\/kidsharefoundation.org\/ueber-uns\/jahresberichte\/","name":"Jahresberichte - Kidshare","isPartOf":{"@id":"https:\/\/kidsharefoundation.org\/nl\/#website"},"datePublished":"2024-07-15T13:01:02+00:00","dateModified":"2025-08-05T07:02:54+00:00","breadcrumb":{"@id":"https:\/\/kidsharefoundation.org\/ueber-uns\/jahresberichte\/#breadcrumb"},"inLanguage":"en-GB","potentialAction":[{"@type":"ReadAction","target":["https:\/\/kidsharefoundation.org\/ueber-uns\/jahresberichte\/"]}]},{"@type":"BreadcrumbList","@id":"https:\/\/kidsharefoundation.org\/ueber-uns\/jahresberichte\/#breadcrumb","itemListElement":[{"@type":"ListItem","position":1,"name":"Home","item":"https:\/\/kidsharefoundation.org\/de\/"},{"@type":"ListItem","position":2,"name":"\u00dcber uns","item":"https:\/\/kidsharefoundation.org\/ueber-uns\/"},{"@type":"ListItem","position":3,"name":"Jahresberichte"}]},{"@type":"WebSite","@id":"https:\/\/kidsharefoundation.org\/nl\/#website","url":"https:\/\/kidsharefoundation.org\/nl\/","name":"Samenwerken aan betere vooruitzichten voor kinderen in Afrika","description":"","publisher":{"@id":"https:\/\/kidsharefoundation.org\/nl\/#organization"},"potentialAction":[{"@type":"SearchAction","target":{"@type":"EntryPoint","urlTemplate":"https:\/\/kidsharefoundation.org\/nl\/?s={search_term_string}"},"query-input":{"@type":"PropertyValueSpecification","valueRequired":true,"valueName":"search_term_string"}}],"inLanguage":"en-GB"},{"@type":"Organization","@id":"https:\/\/kidsharefoundation.org\/nl\/#organization","name":"Kidshare Foundation","url":"https:\/\/kidsharefoundation.org\/nl\/","logo":{"@type":"ImageObject","inLanguage":"en-GB","@id":"https:\/\/kidsharefoundation.org\/nl\/#\/schema\/logo\/image\/","url":"https:\/\/kidsharefoundation.org\/wp-content\/uploads\/Kidshare_Logo.svg","contentUrl":"https:\/\/kidsharefoundation.org\/wp-content\/uploads\/Kidshare_Logo.svg","width":"1024","height":"1024","caption":"Kidshare Foundation"},"image":{"@id":"https:\/\/kidsharefoundation.org\/nl\/#\/schema\/logo\/image\/"}}]}},"_links":{"self":[{"href":"https:\/\/kidsharefoundation.org\/en\/wp-json\/wp\/v2\/pages\/282067","targetHints":{"allow":["GET"]}}],"collection":[{"href":"https:\/\/kidsharefoundation.org\/en\/wp-json\/wp\/v2\/pages"}],"about":[{"href":"https:\/\/kidsharefoundation.org\/en\/wp-json\/wp\/v2\/types\/page"}],"author":[{"embeddable":true,"href":"https:\/\/kidsharefoundation.org\/en\/wp-json\/wp\/v2\/users\/6"}],"replies":[{"embeddable":true,"href":"https:\/\/kidsharefoundation.org\/en\/wp-json\/wp\/v2\/comments?post=282067"}],"version-history":[{"count":8,"href":"https:\/\/kidsharefoundation.org\/en\/wp-json\/wp\/v2\/pages\/282067\/revisions"}],"predecessor-version":[{"id":283379,"href":"https:\/\/kidsharefoundation.org\/en\/wp-json\/wp\/v2\/pages\/282067\/revisions\/283379"}],"up":[{"embeddable":true,"href":"https:\/\/kidsharefoundation.org\/en\/wp-json\/wp\/v2\/pages\/280813"}],"wp:attachment":[{"href":"https:\/\/kidsharefoundation.org\/en\/wp-json\/wp\/v2\/media?parent=282067"}],"wp:term":[{"taxonomy":"difl_page_category","embeddable":true,"href":"https:\/\/kidsharefoundation.org\/en\/wp-json\/wp\/v2\/difl_page_category?post=282067"}],"curies":[{"name":"wp","href":"https:\/\/api.w.org\/{rel}","templated":true}]}}