{"id":282061,"date":"2024-07-15T12:31:24","date_gmt":"2024-07-15T12:31:24","guid":{"rendered":"https:\/\/kidsharefoundation.org\/?page_id=282061"},"modified":"2026-02-11T12:05:49","modified_gmt":"2026-02-11T11:05:49","slug":"partnerorganisationen","status":"publish","type":"page","link":"https:\/\/kidsharefoundation.org\/en\/ueber-uns\/partnerorganisationen\/","title":{"rendered":"Partner organisations"},"content":{"rendered":"<p>[et_pb_section fb_built=&#8220;1&#8243; custom_padding_last_edited=&#8220;on|tablet&#8220; _builder_version=&#8220;4.20.0&#8243; _module_preset=&#8220;default&#8220; background_color=&#8220;#f0f5f4&#8243; custom_padding=&#8220;60px||60px||true|false&#8220; custom_padding_tablet=&#8220;50px||50px||true|false&#8220; custom_padding_phone=&#8220;40px||40px||true|false&#8220; locked=&#8220;off&#8220; global_colors_info=&#8220;{}&#8220;][et_pb_row _builder_version=&#8220;4.20.0&#8243; _module_preset=&#8220;default&#8220; width_tablet=&#8220;&#8220; width_phone=&#8220;90%&#8220; width_last_edited=&#8220;on|phone&#8220; module_alignment=&#8220;center&#8220; custom_padding=&#8220;0px||0px||true|false&#8220; global_colors_info=&#8220;{}&#8220;][et_pb_column type=&#8220;4_4&#8243; _builder_version=&#8220;4.20.0&#8243; _module_preset=&#8220;default&#8220; global_colors_info=&#8220;{}&#8220;][et_pb_blurb title=&#8220;Unsere Partner&#8220; content_max_width=&#8220;100%&#8220; content_max_width_last_edited=&#8220;off|desktop&#8220; _builder_version=&#8220;4.27.3&#8243; _module_preset=&#8220;default&#8220; header_level=&#8220;h1&#8243; header_font=&#8220;Lora|700|||||||&#8220; header_text_align=&#8220;center&#8220; header_text_color=&#8220;#057aa8&#8243; header_font_size=&#8220;44px&#8220; header_line_height=&#8220;52px&#8220; body_font=&#8220;DM Sans||||||||&#8220; body_text_align=&#8220;center&#8220; body_text_color=&#8220;#515f5d&#8220; body_line_height=&#8220;26px&#8220; text_orientation=&#8220;center&#8220; max_width=&#8220;600px&#8220; module_alignment=&#8220;center&#8220; animation_style=&#8220;slide&#8220; animation_direction=&#8220;bottom&#8220; animation_duration=&#8220;1500ms&#8220; animation_intensity_slide=&#8220;5%&#8220; header_font_size_tablet=&#8220;38px&#8220; header_font_size_phone=&#8220;32px&#8220; header_font_size_last_edited=&#8220;on|tablet&#8220; header_line_height_tablet=&#8220;48px&#8220; header_line_height_phone=&#8220;42px&#8220; header_line_height_last_edited=&#8220;on|tablet&#8220; body_font_size_tablet=&#8220;16px&#8220; body_font_size_phone=&#8220;14px&#8220; body_font_size_last_edited=&#8220;on|tablet&#8220; global_colors_info=&#8220;{}&#8220;]<\/p>\n<p><span>Wir ziehen es vor, mit lokalen Organisationen zusammenzuarbeiten, die mit beiden Beinen fest in der Gemeinschaft verankert sind. Grunds\u00e4tzlich w\u00e4hlen wir unsere Partner sorgsam aus und arbeiten auf Augenh\u00f6he mit Ihnen zusammen.\u00c2\u00a0<\/span><\/p>\n<p>[\/et_pb_blurb][\/et_pb_column][\/et_pb_row][\/et_pb_section][et_pb_section fb_built=&#8220;1&#8243; _builder_version=&#8220;4.26.1&#8243; _module_preset=&#8220;default&#8220; locked=&#8220;off&#8220; global_colors_info=&#8220;{}&#8220;][et_pb_row column_structure=&#8220;1_3,1_3,1_3&#8243; _builder_version=&#8220;4.26.1&#8243; _module_preset=&#8220;default&#8220; global_colors_info=&#8220;{}&#8220;][et_pb_column type=&#8220;1_3&#8243; _builder_version=&#8220;4.26.1&#8243; _module_preset=&#8220;default&#8220; global_colors_info=&#8220;{}&#8220;][difl_advanced_blurb image_icon_container_position=&#8220;outside&#8220; image_placement=&#8220;flex_bottom&#8220; _builder_version=&#8220;4.27.0&#8243; _module_preset=&#8220;default&#8220; global_colors_info=&#8220;{}&#8220;]<\/p>\n<h1><strong>Tansania<\/strong><\/h1>\n<p>[\/difl_advanced_blurb][difl_advanced_blurb title=&#8220;Tanzania Women Research Foundation (TAWREF)&#8220; image=&#8220;https:\/\/kidsharefoundation.org\/wp-content\/uploads\/TAWREF.webp&#8220; image_icon_container_position=&#8220;outside&#8220; image_placement=&#8220;flex_bottom&#8220; _builder_version=&#8220;4.27.0&#8243; _module_preset=&#8220;default&#8220; global_colors_info=&#8220;{}&#8220;]<\/p>\n<p><a href=\"https:\/\/tawref.org\/\"><strong>TAWREF<\/strong><\/a> ist eine gemeinn\u00fctzige Organisation, die sich neben der F\u00f6rderung von auf die F\u00f6rderung fr\u00fchkindlicher Bildung auf die St\u00e4rkung von Frauenrechten, Bildung und Gesundheitsinitiativen in Tansania spezialisiert hat. TAWREF arbeitet insbesondere daran, benachteiligte Frauen und M\u00e4dchen zu unterst\u00fctzen, um ihnen den Zugang zu Bildung, Gesundheitsdiensten und wirtschaftlichen Chancen zu erleichtern. Zusammen mit TAWREF setzen wir Programme um, die die Lebensbedingungen von Frauen und Kindern in Tansania verbessern und langfristige Entwicklungschancen schaffen. Mehr Informationen zu TAWREF finden Sie auf <a href=\"https:\/\/tawref.org\/\">tawref.org<\/a><\/p>\n<p>[\/difl_advanced_blurb][difl_advanced_blurb title=&#8220;Monduli Pastoralist Development Initiative (MPDI)&#8220; image=&#8220;https:\/\/kidsharefoundation.org\/wp-content\/uploads\/Tansania.png&#8220; image_icon_container_position=&#8220;outside&#8220; image_placement=&#8220;flex_bottom&#8220; _builder_version=&#8220;4.27.0&#8243; _module_preset=&#8220;default&#8220; global_colors_info=&#8220;{}&#8220;]<\/p>\n<p>Verwurzelt in der Tradition der Maasai f\u00f6rdert MPDI Bildung und Gemeinschaftsentwicklung in mehreren Maasai-D\u00f6rfern durch kulturell relevante Fr\u00fchbildungseinrichtungen. Die Organisation hat bereits mehr als 5.500 Kindern den \u00c3\u0153bergang in die formale Schule erm\u00f6glicht und \u00fcber 200 p\u00e4dagogische Fachkr\u00e4fte ausgebildet.<\/p>\n<p>[\/difl_advanced_blurb][\/et_pb_column][et_pb_column type=&#8220;1_3&#8243; _builder_version=&#8220;4.26.1&#8243; _module_preset=&#8220;default&#8220; global_colors_info=&#8220;{}&#8220;][difl_advanced_blurb image_icon_container_position=&#8220;outside&#8220; image_placement=&#8220;flex_bottom&#8220; _builder_version=&#8220;4.27.0&#8243; _module_preset=&#8220;default&#8220; global_colors_info=&#8220;{}&#8220;]<\/p>\n<h1><strong>Kenia<\/strong><\/h1>\n<p>[\/difl_advanced_blurb][difl_advanced_blurb title=&#8220;TOP Girls Programm&#8220; image=&#8220;https:\/\/kidsharefoundation.org\/wp-content\/uploads\/Top-Girls-Program-2.png&#8220; image_icon_container_position=&#8220;outside&#8220; image_placement=&#8220;flex_bottom&#8220; _builder_version=&#8220;4.27.3&#8243; _module_preset=&#8220;default&#8220; global_colors_info=&#8220;{}&#8220;]<\/p>\n<p>Das <a href=\"https:\/\/topgirlkenya.org\">TOP Girls Programm<\/a> der Kidshare Foundation konzentriert sich auf die Unterst\u00fctzung talentierter M\u00e4dchen aus armen Verh\u00e4ltnissen in Kenia, die sonst keinen Zugang zu weiterf\u00fchrender Bildung h\u00e4tten. Es deckt die Schulgeb\u00fchren f\u00fcr Sekundar- und Hochschulbildung ab und bietet zus\u00e4tzlich spezielle Workshops zu F\u00fchrung, pers\u00f6nlicher Entwicklung und Gesundheit. M\u00e4dchen, die durch das Programm unterst\u00fctzt werden, k\u00f6nnen sp\u00e4ter als Vorbilder in ihren Gemeinschaften fungieren. Nach ihrem Universit\u00e4tsabschluss f\u00f6rdern viele durch das Programm gef\u00f6rderte Frauen wiederum M\u00e4dchen, um ihnen eine ebenso gute Chance f\u00fcr die Zukunft zu geben. Mehr Informationen finden Sie auf <a href=\"https:\/\/topgirlkenya.org\">topgirlkenya.org<\/a><\/p>\n<p>[\/difl_advanced_blurb][difl_advanced_blurb title=&#8220;Hongera Foundation&#8220; image=&#8220;https:\/\/kidsharefoundation.org\/wp-content\/uploads\/Schule-Kenia-2.jpg&#8220; image_icon_container_position=&#8220;outside&#8220; image_placement=&#8220;flex_bottom&#8220; _builder_version=&#8220;4.27.0&#8243; _module_preset=&#8220;default&#8220; global_colors_info=&#8220;{}&#8220;]<\/p>\n<p>Die <a href=\"https:\/\/hongerafoundationkenya.org\/\">Hongera Foundation<\/a> engagiert sich in der F\u00f6rderung von Bildung und Infrastruktur in l\u00e4ndlichen Gebieten Kenias. Sie bietet Stipendien an, um benachteiligten Kindern den Zugang zu Bildung zu erm\u00f6glichen, und arbeitet eng mit lokalen Gemeinschaften zusammen, um Schulen und Lernumgebungen zu verbessern. Ihr Ziel ist es, nicht nur den Bildungsweg der Kinder zu f\u00f6rdern, sondern auch langfristige, positive Auswirkungen auf die soziale und wirtschaftliche Entwicklung der Region zu erzielen. Alle Informationen finden Sie auf der Website der Stiftung unter <a href=\"https:\/\/hongerafoundationkenya.org\/\">https:\/\/hongerafoundationkenya.org\/<\/a><\/p>\n<p>[\/difl_advanced_blurb][\/et_pb_column][et_pb_column type=&#8220;1_3&#8243; _builder_version=&#8220;4.26.1&#8243; _module_preset=&#8220;default&#8220; global_colors_info=&#8220;{}&#8220;][difl_advanced_blurb image_icon_container_position=&#8220;outside&#8220; image_placement=&#8220;flex_bottom&#8220; _builder_version=&#8220;4.27.0&#8243; _module_preset=&#8220;default&#8220; global_colors_info=&#8220;{}&#8220;]<\/p>\n<h1><strong>Uganda<\/strong><\/h1>\n<p>[\/difl_advanced_blurb][difl_advanced_blurb title=&#8220;Community Empowerment for Rural Development (CEFORD)&#8220; image=&#8220;https:\/\/kidsharefoundation.org\/wp-content\/uploads\/CEFORD-2.jpg&#8220; image_icon_container_position=&#8220;outside&#8220; image_placement=&#8220;flex_bottom&#8220; _builder_version=&#8220;4.27.0&#8243; _module_preset=&#8220;default&#8220; global_colors_info=&#8220;{}&#8220;]<\/p>\n<p><a href=\"https:\/\/ceford.or.ug\/\">CEFORD<\/a> ist eine ugandische Nichtregierungsorganisation, die sich auf die St\u00e4rkung l\u00e4ndlicher Gemeinschaften durch Bildungsprogramme, wirtschaftliche Entwicklung und soziale Gerechtigkeit konzentriert. Sie arbeitet eng mit lokalen Gemeinden zusammen, um nachhaltige Entwicklungsl\u00f6sungen zu f\u00f6rdern, die Frauen, Jugendliche und Minderheiten in den Mittelpunkt stellen. Zu ihren Initiativen geh\u00f6ren Programme zur F\u00f6rderung von Einkommensgenerierung, Alphabetisierung, Gesundheitserziehung und Frieden. CEFORD zielt darauf ab, die Lebensbedingungen in l\u00e4ndlichen Gebieten Ugandas langfristig zu verbessern und Gemeinschaften eigenst\u00e4ndig zu machen. Mehr Infos zu CEFORD finden Sie unter <a href=\"https:\/\/ceford.or.ug\/\">ceford.or.ug<\/a><\/p>\n<p>[\/difl_advanced_blurb][\/et_pb_column][\/et_pb_row][et_pb_row column_structure=&#8220;2_5,3_5&#8243; use_custom_gutter=&#8220;on&#8220; gutter_width=&#8220;2&#8243; _builder_version=&#8220;4.27.3&#8243; _module_preset=&#8220;default&#8220; global_colors_info=&#8220;{}&#8220;][et_pb_column type=&#8220;2_5&#8243; _builder_version=&#8220;4.27.3&#8243; _module_preset=&#8220;default&#8220; global_colors_info=&#8220;{}&#8220;][et_pb_image src=&#8220;https:\/\/kidsharefoundation.org\/wp-content\/uploads\/Wilde-Ganzen.jpg&#8220; title_text=&#8220;Wilde Ganzen&#8220; align=&#8220;right&#8220; _builder_version=&#8220;4.27.3&#8243; _module_preset=&#8220;default&#8220; custom_margin=&#8220;16px||||false|false&#8220; global_colors_info=&#8220;{}&#8220;][\/et_pb_image][\/et_pb_column][et_pb_column type=&#8220;3_5&#8243; _builder_version=&#8220;4.27.3&#8243; _module_preset=&#8220;default&#8220; global_colors_info=&#8220;{}&#8220;][difl_advanced_blurb title=&#8220;Internationale Kooperationen&#8220; content_width=&#8220;100%&#8220; title_margin=&#8220;0px||||false|false&#8220; title_padding=&#8220;0px||||false|false&#8220; sub_title_margin=&#8220;0px||||false|false&#8220; sub_title_padding=&#8220;0px||||false|false&#8220; content_margin=&#8220;0px||||false|false&#8220; content_padding=&#8220;0px||||false|false&#8220; _builder_version=&#8220;4.27.3&#8243; _module_preset=&#8220;default&#8220; custom_margin=&#8220;0px||||false|false&#8220; custom_padding=&#8220;0px||0px||false|false&#8220; global_colors_info=&#8220;{}&#8220;]<\/p>\n<p>Die <a href=\"https:\/\/www.wildeganzen.org\/\"><strong>WILDE GANZEN Foundation<\/strong> <\/a>ist eine gemeinn\u00fctzige Organisation, die sich f\u00fcr die F\u00f6rderung von Bildung, Gesundheit und nachhaltiger Entwicklung in benachteiligten Regionen einsetzt. Ihr Fokus liegt auf der Unterst\u00fctzung von Schulen, Gemeinschaften und Projekten, die langfristig positive Ver\u00e4nderungen bewirken sollen.<\/p>\n<p>Besonders hervorzuheben ist ihr Engagement in abgelegenen und strukturschwachen Gebieten, wo sie Bildungs- und Infrastrukturprojekte realisieren, um den Zugang zu grundlegenden Ressourcen zu verbessern. Durch Partnerschaften mit lokalen Organisationen und Akteuren stellt die Stiftung sicher, dass ihre Ma\u00dfnahmen nachhaltig und kulturell angepasst sind.<\/p>\n<p>Die WILDE GANZEN Foundation steht f\u00fcr Innovation, Transparenz und eine ganzheitliche Herangehensweise, die sowohl individuelle Chancen als auch die Entwicklung ganzer Gemeinschaften st\u00e4rkt.<\/p>\n<p>Sie m\u00f6chten mehr \u00fcber WILDE GANZEN Foundation erfahren? Hier finden Sie alle Informationen: <a href=\"https:\/\/www.wildeganzen.org\/\">https:\/\/www.wildeganzen.org\/<\/a><\/p>\n<p>[\/difl_advanced_blurb][\/et_pb_column][\/et_pb_row][\/et_pb_section]<\/p>\n","protected":false},"excerpt":{"rendered":"<p>Wir ziehen es vor, mit lokalen Organisationen zusammenzuarbeiten, die mit beiden Beinen fest in der Gemeinschaft verankert sind. Grunds\u00e4tzlich w\u00e4hlen wir unsere Partner sorgsam aus und arbeiten auf Augenh\u00f6he mit Ihnen zusammen.\u00c2\u00a0<div class=\"et_pb_module difl_advanced_blurb difl_advanced_blurb_0\">\n\t\t\t\t\n\t\t\t\t\n\t\t\t\t\n\t\t\t\t\n\t\t\t\t\n\t\t\t\t\n\t\t\t\t<div class=\"et_pb_module_inner\">\n\t\t\t\t\t<div class=\"df_ab_blurb_container\"> <div class=\"df_ab_blurb_image image placement_image_flex_bottom\"><\/div><div class=\"df_ab_blurb_content_container\">   <div class=\"df_ab_blurb_description\">Tansania<\/div>  <\/div><\/div>\n\t\t\t\t<\/div>\n\t\t\t<\/div><div class=\"et_pb_module difl_advanced_blurb difl_advanced_blurb_1\">\n\t\t\t\t\n\t\t\t\t\n\t\t\t\t\n\t\t\t\t\n\t\t\t\t\n\t\t\t\t\n\t\t\t\t<div class=\"et_pb_module_inner\">\n\t\t\t\t\t<div class=\"df_ab_blurb_container\"> <div class=\"df_ab_blurb_image image placement_image_flex_bottom\"><img decoding=\"async\" class=\"df_ab_blurb_image_img\" src=\"https:\/\/kidsharefoundation.org\/wp-content\/uploads\/TAWREF.webp\" alt=\"\" \/><\/div><div class=\"df_ab_blurb_content_container\"> <h3  class=\"df_ab_blurb_title\">Tanzania Women Research Foundation (TAWREF)<\/h3 >    <\/div><\/div>\n\t\t\t\t<\/div>\n\t\t\t<\/div>TAWREF ist eine gemeinn\u00fctzige Organisation, die sich neben [&hellip;]<\/p>\n","protected":false},"author":6,"featured_media":0,"parent":280813,"menu_order":0,"comment_status":"closed","ping_status":"closed","template":"","meta":{"_acf_changed":false,"_et_pb_use_builder":"on","_et_pb_old_content":"","_et_gb_content_width":"","inline_featured_image":false,"footnotes":""},"difl_page_category":[],"class_list":["post-282061","page","type-page","status-publish","hentry"],"acf":[],"yoast_head":"<!-- This site is optimized with the Yoast SEO plugin v27.2 - https:\/\/yoast.com\/product\/yoast-seo-wordpress\/ -->\n<title>Partnerorganisationen - Kidshare<\/title>\n<meta name=\"robots\" content=\"index, follow, max-snippet:-1, max-image-preview:large, max-video-preview:-1\" \/>\n<link rel=\"canonical\" href=\"https:\/\/kidsharefoundation.org\/en\/ueber-uns\/partnerorganisationen\/\" \/>\n<meta property=\"og:locale\" content=\"en_GB\" \/>\n<meta property=\"og:type\" content=\"article\" \/>\n<meta property=\"og:title\" content=\"Partnerorganisationen - Kidshare\" \/>\n<meta property=\"og:description\" content=\"Wir ziehen es vor, mit lokalen Organisationen zusammenzuarbeiten, die mit beiden Beinen fest in der Gemeinschaft verankert sind. Grunds\u00e4tzlich w\u00e4hlen wir unsere Partner sorgsam aus und arbeiten auf Augenh\u00f6he mit Ihnen zusammen.\u00c2\u00a0TAWREF ist eine gemeinn\u00fctzige Organisation, die sich neben [&hellip;]\" \/>\n<meta property=\"og:url\" content=\"https:\/\/kidsharefoundation.org\/en\/ueber-uns\/partnerorganisationen\/\" \/>\n<meta property=\"og:site_name\" content=\"Kidshare\" \/>\n<meta property=\"article:modified_time\" content=\"2026-02-11T11:05:49+00:00\" \/>\n<meta name=\"twitter:card\" content=\"summary_large_image\" \/>\n<meta name=\"twitter:label1\" content=\"Estimated reading time\" \/>\n\t<meta name=\"twitter:data1\" content=\"6 minutes\" \/>\n<script type=\"application\/ld+json\" class=\"yoast-schema-graph\">{\"@context\":\"https:\/\/schema.org\",\"@graph\":[{\"@type\":\"WebPage\",\"@id\":\"https:\/\/kidsharefoundation.org\/ueber-uns\/partnerorganisationen\/\",\"url\":\"https:\/\/kidsharefoundation.org\/ueber-uns\/partnerorganisationen\/\",\"name\":\"Partnerorganisationen - Kidshare\",\"isPartOf\":{\"@id\":\"https:\/\/kidsharefoundation.org\/nl\/#website\"},\"datePublished\":\"2024-07-15T12:31:24+00:00\",\"dateModified\":\"2026-02-11T11:05:49+00:00\",\"breadcrumb\":{\"@id\":\"https:\/\/kidsharefoundation.org\/ueber-uns\/partnerorganisationen\/#breadcrumb\"},\"inLanguage\":\"en-GB\",\"potentialAction\":[{\"@type\":\"ReadAction\",\"target\":[\"https:\/\/kidsharefoundation.org\/ueber-uns\/partnerorganisationen\/\"]}]},{\"@type\":\"BreadcrumbList\",\"@id\":\"https:\/\/kidsharefoundation.org\/ueber-uns\/partnerorganisationen\/#breadcrumb\",\"itemListElement\":[{\"@type\":\"ListItem\",\"position\":1,\"name\":\"Home\",\"item\":\"https:\/\/kidsharefoundation.org\/de\/\"},{\"@type\":\"ListItem\",\"position\":2,\"name\":\"\u00dcber uns\",\"item\":\"https:\/\/kidsharefoundation.org\/ueber-uns\/\"},{\"@type\":\"ListItem\",\"position\":3,\"name\":\"Partnerorganisationen\"}]},{\"@type\":\"WebSite\",\"@id\":\"https:\/\/kidsharefoundation.org\/nl\/#website\",\"url\":\"https:\/\/kidsharefoundation.org\/nl\/\",\"name\":\"Samenwerken aan betere vooruitzichten voor kinderen in Afrika\",\"description\":\"\",\"publisher\":{\"@id\":\"https:\/\/kidsharefoundation.org\/nl\/#organization\"},\"potentialAction\":[{\"@type\":\"SearchAction\",\"target\":{\"@type\":\"EntryPoint\",\"urlTemplate\":\"https:\/\/kidsharefoundation.org\/nl\/?s={search_term_string}\"},\"query-input\":{\"@type\":\"PropertyValueSpecification\",\"valueRequired\":true,\"valueName\":\"search_term_string\"}}],\"inLanguage\":\"en-GB\"},{\"@type\":\"Organization\",\"@id\":\"https:\/\/kidsharefoundation.org\/nl\/#organization\",\"name\":\"Kidshare Foundation\",\"url\":\"https:\/\/kidsharefoundation.org\/nl\/\",\"logo\":{\"@type\":\"ImageObject\",\"inLanguage\":\"en-GB\",\"@id\":\"https:\/\/kidsharefoundation.org\/nl\/#\/schema\/logo\/image\/\",\"url\":\"https:\/\/kidsharefoundation.org\/wp-content\/uploads\/Kidshare_Logo.svg\",\"contentUrl\":\"https:\/\/kidsharefoundation.org\/wp-content\/uploads\/Kidshare_Logo.svg\",\"width\":\"1024\",\"height\":\"1024\",\"caption\":\"Kidshare Foundation\"},\"image\":{\"@id\":\"https:\/\/kidsharefoundation.org\/nl\/#\/schema\/logo\/image\/\"}}]}<\/script>\n<!-- \/ Yoast SEO plugin. -->","yoast_head_json":{"title":"Partnerorganisationen - Kidshare","robots":{"index":"index","follow":"follow","max-snippet":"max-snippet:-1","max-image-preview":"max-image-preview:large","max-video-preview":"max-video-preview:-1"},"canonical":"https:\/\/kidsharefoundation.org\/en\/ueber-uns\/partnerorganisationen\/","og_locale":"en_GB","og_type":"article","og_title":"Partnerorganisationen - Kidshare","og_description":"Wir ziehen es vor, mit lokalen Organisationen zusammenzuarbeiten, die mit beiden Beinen fest in der Gemeinschaft verankert sind. Grunds\u00e4tzlich w\u00e4hlen wir unsere Partner sorgsam aus und arbeiten auf Augenh\u00f6he mit Ihnen zusammen.\u00c2\u00a0TAWREF ist eine gemeinn\u00fctzige Organisation, die sich neben [&hellip;]","og_url":"https:\/\/kidsharefoundation.org\/en\/ueber-uns\/partnerorganisationen\/","og_site_name":"Kidshare","article_modified_time":"2026-02-11T11:05:49+00:00","twitter_card":"summary_large_image","twitter_misc":{"Estimated reading time":"6 minutes"},"schema":{"@context":"https:\/\/schema.org","@graph":[{"@type":"WebPage","@id":"https:\/\/kidsharefoundation.org\/ueber-uns\/partnerorganisationen\/","url":"https:\/\/kidsharefoundation.org\/ueber-uns\/partnerorganisationen\/","name":"Partnerorganisationen - Kidshare","isPartOf":{"@id":"https:\/\/kidsharefoundation.org\/nl\/#website"},"datePublished":"2024-07-15T12:31:24+00:00","dateModified":"2026-02-11T11:05:49+00:00","breadcrumb":{"@id":"https:\/\/kidsharefoundation.org\/ueber-uns\/partnerorganisationen\/#breadcrumb"},"inLanguage":"en-GB","potentialAction":[{"@type":"ReadAction","target":["https:\/\/kidsharefoundation.org\/ueber-uns\/partnerorganisationen\/"]}]},{"@type":"BreadcrumbList","@id":"https:\/\/kidsharefoundation.org\/ueber-uns\/partnerorganisationen\/#breadcrumb","itemListElement":[{"@type":"ListItem","position":1,"name":"Home","item":"https:\/\/kidsharefoundation.org\/de\/"},{"@type":"ListItem","position":2,"name":"\u00dcber uns","item":"https:\/\/kidsharefoundation.org\/ueber-uns\/"},{"@type":"ListItem","position":3,"name":"Partnerorganisationen"}]},{"@type":"WebSite","@id":"https:\/\/kidsharefoundation.org\/nl\/#website","url":"https:\/\/kidsharefoundation.org\/nl\/","name":"Samenwerken aan betere vooruitzichten voor kinderen in Afrika","description":"","publisher":{"@id":"https:\/\/kidsharefoundation.org\/nl\/#organization"},"potentialAction":[{"@type":"SearchAction","target":{"@type":"EntryPoint","urlTemplate":"https:\/\/kidsharefoundation.org\/nl\/?s={search_term_string}"},"query-input":{"@type":"PropertyValueSpecification","valueRequired":true,"valueName":"search_term_string"}}],"inLanguage":"en-GB"},{"@type":"Organization","@id":"https:\/\/kidsharefoundation.org\/nl\/#organization","name":"Kidshare Foundation","url":"https:\/\/kidsharefoundation.org\/nl\/","logo":{"@type":"ImageObject","inLanguage":"en-GB","@id":"https:\/\/kidsharefoundation.org\/nl\/#\/schema\/logo\/image\/","url":"https:\/\/kidsharefoundation.org\/wp-content\/uploads\/Kidshare_Logo.svg","contentUrl":"https:\/\/kidsharefoundation.org\/wp-content\/uploads\/Kidshare_Logo.svg","width":"1024","height":"1024","caption":"Kidshare Foundation"},"image":{"@id":"https:\/\/kidsharefoundation.org\/nl\/#\/schema\/logo\/image\/"}}]}},"_links":{"self":[{"href":"https:\/\/kidsharefoundation.org\/en\/wp-json\/wp\/v2\/pages\/282061","targetHints":{"allow":["GET"]}}],"collection":[{"href":"https:\/\/kidsharefoundation.org\/en\/wp-json\/wp\/v2\/pages"}],"about":[{"href":"https:\/\/kidsharefoundation.org\/en\/wp-json\/wp\/v2\/types\/page"}],"author":[{"embeddable":true,"href":"https:\/\/kidsharefoundation.org\/en\/wp-json\/wp\/v2\/users\/6"}],"replies":[{"embeddable":true,"href":"https:\/\/kidsharefoundation.org\/en\/wp-json\/wp\/v2\/comments?post=282061"}],"version-history":[{"count":1,"href":"https:\/\/kidsharefoundation.org\/en\/wp-json\/wp\/v2\/pages\/282061\/revisions"}],"predecessor-version":[{"id":283432,"href":"https:\/\/kidsharefoundation.org\/en\/wp-json\/wp\/v2\/pages\/282061\/revisions\/283432"}],"up":[{"embeddable":true,"href":"https:\/\/kidsharefoundation.org\/en\/wp-json\/wp\/v2\/pages\/280813"}],"wp:attachment":[{"href":"https:\/\/kidsharefoundation.org\/en\/wp-json\/wp\/v2\/media?parent=282061"}],"wp:term":[{"taxonomy":"difl_page_category","embeddable":true,"href":"https:\/\/kidsharefoundation.org\/en\/wp-json\/wp\/v2\/difl_page_category?post=282061"}],"curies":[{"name":"wp","href":"https:\/\/api.w.org\/{rel}","templated":true}]}}